{"id":2,"date":"2025-12-18T02:14:21","date_gmt":"2025-12-18T05:14:21","guid":{"rendered":"https:\/\/sorocaba.shop\/template\/?page_id=2"},"modified":"2025-12-18T14:28:10","modified_gmt":"2025-12-18T17:28:10","slug":"pagina-exemplo","status":"publish","type":"page","link":"https:\/\/sorocaba.shop\/template\/pagina-exemplo\/","title":{"rendered":"P\u00e1gina de exemplo"},"content":{"rendered":"\n<p>Esta \u00e9 uma p\u00e1gina de exemplo. Ela permanece e aparece no menu da navega\u00e7\u00e3o do seu site. Muitas pessoas e empresas, de modos diferenciados e, criativamente, usam essa p\u00e1gina de apresenta\u00e7\u00e3o aos visitantes do site. <\/p>\n\n\n\n<blockquote class=\"wp-block-quote is-layout-flow wp-block-quote-is-layout-flow\">\n<p>Ol\u00e1! Eu sou motorista de aplicativos durante o dia, ator aspirante \u00e0 noite, e este \u00e9 o meu site. Eu moro em S\u00e3o Paulo, tenho o cachorro Rex e adoramos banhos de chuva.<\/p>\n<\/blockquote>\n\n\n\n<p>&#8230; Aque nesse nosso website :<\/p>\n\n\n\n<blockquote class=\"wp-block-quote is-layout-flow wp-block-quote-is-layout-flow\">\n<p>A Companhia XYZ foi fundada em 1971, e desde ent\u00e3o tem fornecido miniaturas de ve\u00edculos ao p\u00fablico. Localizada na cidade de Sorocaba, a XYZ emprega mais de 1.000 pessoas e faz coisas grandiosas para a comunidade &#8230;<\/p>\n<\/blockquote>\n\n\n\n<p>Como propriet\u00e1rio desse novo website, voc\u00ea acessa ao <a href=\"https:\/\/sorocaba.shop\/template\/wp-admin\/\">painel<\/a> para criar, editar e at\u00e9 excluir essa e outras p\u00e1ginas, posts e conte\u00fados diversos. Divirta-se!<\/p>\n","protected":false},"excerpt":{"rendered":"<p>Esta \u00e9 uma p\u00e1gina de exemplo. Ela permanece e aparece no menu da navega\u00e7\u00e3o do seu site. Muitas pessoas e empresas, de modos diferenciados e, criativamente, usam essa p\u00e1gina de apresenta\u00e7\u00e3o aos visitantes do site. Ol\u00e1! Eu sou motorista de aplicativos durante o dia, ator aspirante \u00e0 noite, e este \u00e9 o meu site. Eu [&hellip;]<\/p>\n","protected":false},"author":3,"featured_media":0,"parent":0,"menu_order":0,"comment_status":"closed","ping_status":"open","template":"","meta":{"_uag_custom_page_level_css":"","footnotes":""},"class_list":["post-2","page","type-page","status-publish","hentry"],"uagb_featured_image_src":{"full":false,"thumbnail":false,"medium":false,"medium_large":false,"large":false,"1536x1536":false,"2048x2048":false},"uagb_author_info":{"display_name":"CYBiON","author_link":"https:\/\/sorocaba.shop\/template\/author\/cybion\/"},"uagb_comment_info":0,"uagb_excerpt":"Esta \u00e9 uma p\u00e1gina de exemplo. Ela permanece e aparece no menu da navega\u00e7\u00e3o do seu site. Muitas pessoas e empresas, de modos diferenciados e, criativamente, usam essa p\u00e1gina de apresenta\u00e7\u00e3o aos visitantes do site. Ol\u00e1! Eu sou motorista de aplicativos durante o dia, ator aspirante \u00e0 noite, e este \u00e9 o meu site. Eu&hellip;","_links":{"self":[{"href":"https:\/\/sorocaba.shop\/template\/wp-json\/wp\/v2\/pages\/2","targetHints":{"allow":["GET"]}}],"collection":[{"href":"https:\/\/sorocaba.shop\/template\/wp-json\/wp\/v2\/pages"}],"about":[{"href":"https:\/\/sorocaba.shop\/template\/wp-json\/wp\/v2\/types\/page"}],"author":[{"embeddable":true,"href":"https:\/\/sorocaba.shop\/template\/wp-json\/wp\/v2\/users\/3"}],"replies":[{"embeddable":true,"href":"https:\/\/sorocaba.shop\/template\/wp-json\/wp\/v2\/comments?post=2"}],"version-history":[{"count":2,"href":"https:\/\/sorocaba.shop\/template\/wp-json\/wp\/v2\/pages\/2\/revisions"}],"predecessor-version":[{"id":89,"href":"https:\/\/sorocaba.shop\/template\/wp-json\/wp\/v2\/pages\/2\/revisions\/89"}],"wp:attachment":[{"href":"https:\/\/sorocaba.shop\/template\/wp-json\/wp\/v2\/media?parent=2"}],"curies":[{"name":"wp","href":"https:\/\/api.w.org\/{rel}","templated":true}]}}